{"id":4223,"date":"2017-07-03T19:22:49","date_gmt":"2017-07-03T22:22:49","guid":{"rendered":"http:\/\/www.medialogue.com.br\/?page_id=4223"},"modified":"2017-07-03T19:22:49","modified_gmt":"2017-07-03T22:22:49","slug":"estudo-escritorios-advocacia-facebook","status":"publish","type":"page","link":"https:\/\/medialogue.com.br\/novosite\/estudo-escritorios-advocacia-facebook\/","title":{"rendered":"Os maiores escrit\u00f3rios de advocacia do Brasil no Facebook"},"content":{"rendered":"<div class=\"page\" title=\"Page 5\">\n<div class=\"section\">\n<div class=\"layoutArea\">\n<div class=\"column\">\n<p>Neste estudo a Medialogue Digital avaliou a presen\u00e7a de 20 entre os maiores escrit\u00f3rios de advocacia do Brasil no Facebook. Confira os principais resultados baixando a pesquisa completa.<\/p>\n<\/div>\n<\/div>\n<\/div>\n<\/div>\n<p><strong>O que voc\u00ea vai saber baixando o estudo:<\/strong><\/p>\n<p>\u2022\u00a0O ranking dos escrit\u00f3rios com mais f\u00e3s<\/p>\n<p>\u2022 Os principais temas abordados pelos escrit\u00f3rios no Facebook<\/p>\n<p>\u2022 A tabela com os principais indicadores dos escrit\u00f3rios analisados<\/p>\n<p>Para acessar o estudo gratuitamente \u00e9 s\u00f3 preencher o formul\u00e1rio.<\/p>\n","protected":false},"excerpt":{"rendered":"<p>Neste estudo a Medialogue Digital avaliou a presen\u00e7a de 20 entre os maiores escrit\u00f3rios de advocacia do Brasil no Facebook. Confira os principais resultados baixando a pesquisa completa. O que voc\u00ea vai saber baixando o estudo: \u2022\u00a0O ranking dos escrit\u00f3rios com mais f\u00e3s \u2022 Os principais temas abordados pelos escrit\u00f3rios no Facebook \u2022 A tabela com os principais indicadores dos escrit\u00f3rios analisados Para acessar o estudo gratuitamente \u00e9 s\u00f3 preencher o formul\u00e1rio.<\/p>\n","protected":false},"author":4,"featured_media":0,"parent":0,"menu_order":0,"comment_status":"closed","ping_status":"closed","template":"pages\/template_landing.php","meta":{"_acf_changed":false,"footnotes":""},"class_list":["post-4223","page","type-page","status-publish","hentry"],"acf":[],"yoast_head":"<!-- This site is optimized with the Yoast SEO plugin v24.2 - https:\/\/yoast.com\/wordpress\/plugins\/seo\/ -->\n<title>Os maiores escrit\u00f3rios de advocacia do Brasil no Facebook | Medialogue<\/title>\n<meta name=\"description\" content=\"Neste estudo a Medialogue Digital avaliou a presen\u00e7a de 20 entre os maiores escrit\u00f3rios de advocacia do Brasil no Facebook.\" \/>\n<meta name=\"robots\" content=\"index, follow, max-snippet:-1, max-image-preview:large, max-video-preview:-1\" \/>\n<link rel=\"canonical\" href=\"https:\/\/medialogue.com.br\/novosite\/estudo-escritorios-advocacia-facebook\/\" \/>\n<meta property=\"og:locale\" content=\"pt_BR\" \/>\n<meta property=\"og:type\" content=\"article\" \/>\n<meta property=\"og:title\" content=\"Os maiores escrit\u00f3rios de advocacia do Brasil no Facebook | Medialogue\" \/>\n<meta property=\"og:description\" content=\"Neste estudo a Medialogue Digital avaliou a presen\u00e7a de 20 entre os maiores escrit\u00f3rios de advocacia do Brasil no Facebook.\" \/>\n<meta property=\"og:url\" content=\"https:\/\/medialogue.com.br\/novosite\/estudo-escritorios-advocacia-facebook\/\" \/>\n<meta property=\"og:site_name\" content=\"Medialogue\" \/>\n<meta property=\"article:publisher\" content=\"http:\/\/www.facebook.com\/Medialogue\" \/>\n<meta property=\"og:image\" content=\"https:\/\/www.medialogue.com.br\/novosite\/wp-content\/uploads\/2017\/03\/Ministros-Temer-Facebook-1.png\" \/>\n<meta name=\"twitter:card\" content=\"summary_large_image\" \/>\n<meta name=\"twitter:site\" content=\"@Medialoguebr\" \/>\n<script type=\"application\/ld+json\" class=\"yoast-schema-graph\">{\"@context\":\"https:\/\/schema.org\",\"@graph\":[{\"@type\":\"WebPage\",\"@id\":\"https:\/\/medialogue.com.br\/novosite\/estudo-escritorios-advocacia-facebook\/\",\"url\":\"https:\/\/medialogue.com.br\/novosite\/estudo-escritorios-advocacia-facebook\/\",\"name\":\"Os maiores escrit\u00f3rios de advocacia do Brasil no Facebook | Medialogue\",\"isPartOf\":{\"@id\":\"https:\/\/medialogue.com.br\/novosite\/#website\"},\"datePublished\":\"2017-07-03T22:22:49+00:00\",\"dateModified\":\"2017-07-03T22:22:49+00:00\",\"description\":\"Neste estudo a Medialogue Digital avaliou a presen\u00e7a de 20 entre os maiores escrit\u00f3rios de advocacia do Brasil no Facebook.\",\"breadcrumb\":{\"@id\":\"https:\/\/medialogue.com.br\/novosite\/estudo-escritorios-advocacia-facebook\/#breadcrumb\"},\"inLanguage\":\"pt-BR\",\"potentialAction\":[{\"@type\":\"ReadAction\",\"target\":[\"https:\/\/medialogue.com.br\/novosite\/estudo-escritorios-advocacia-facebook\/\"]}]},{\"@type\":\"BreadcrumbList\",\"@id\":\"https:\/\/medialogue.com.br\/novosite\/estudo-escritorios-advocacia-facebook\/#breadcrumb\",\"itemListElement\":[{\"@type\":\"ListItem\",\"position\":1,\"name\":\"In\u00edcio\",\"item\":\"https:\/\/medialogue.com.br\/novosite\/\"},{\"@type\":\"ListItem\",\"position\":2,\"name\":\"Os maiores escrit\u00f3rios de advocacia do Brasil no Facebook\"}]},{\"@type\":\"WebSite\",\"@id\":\"https:\/\/medialogue.com.br\/novosite\/#website\",\"url\":\"https:\/\/medialogue.com.br\/novosite\/\",\"name\":\"Medialogue\",\"description\":\"Comunica\u00e7\u00e3o digital\",\"publisher\":{\"@id\":\"https:\/\/medialogue.com.br\/novosite\/#organization\"},\"potentialAction\":[{\"@type\":\"SearchAction\",\"target\":{\"@type\":\"EntryPoint\",\"urlTemplate\":\"https:\/\/medialogue.com.br\/novosite\/?s={search_term_string}\"},\"query-input\":{\"@type\":\"PropertyValueSpecification\",\"valueRequired\":true,\"valueName\":\"search_term_string\"}}],\"inLanguage\":\"pt-BR\"},{\"@type\":\"Organization\",\"@id\":\"https:\/\/medialogue.com.br\/novosite\/#organization\",\"name\":\"Medialogue\",\"url\":\"https:\/\/medialogue.com.br\/novosite\/\",\"logo\":{\"@type\":\"ImageObject\",\"inLanguage\":\"pt-BR\",\"@id\":\"https:\/\/medialogue.com.br\/novosite\/#\/schema\/logo\/image\/\",\"url\":\"https:\/\/www.medialogue.com.br\/novosite\/wp-content\/uploads\/2015\/06\/medialogue_logo_fundopretoRGB_medio.jpg\",\"contentUrl\":\"https:\/\/www.medialogue.com.br\/novosite\/wp-content\/uploads\/2015\/06\/medialogue_logo_fundopretoRGB_medio.jpg\",\"width\":450,\"height\":88,\"caption\":\"Medialogue\"},\"image\":{\"@id\":\"https:\/\/medialogue.com.br\/novosite\/#\/schema\/logo\/image\/\"},\"sameAs\":[\"http:\/\/www.facebook.com\/Medialogue\",\"https:\/\/x.com\/Medialoguebr\",\"http:\/\/www.linkedin.com\/company\/medialogue\",\"https:\/\/www.youtube.com\/user\/Medialoguebr\"]}]}<\/script>\n<!-- \/ Yoast SEO plugin. -->","yoast_head_json":{"title":"Os maiores escrit\u00f3rios de advocacia do Brasil no Facebook | Medialogue","description":"Neste estudo a Medialogue Digital avaliou a presen\u00e7a de 20 entre os maiores escrit\u00f3rios de advocacia do Brasil no Facebook.","robots":{"index":"index","follow":"follow","max-snippet":"max-snippet:-1","max-image-preview":"max-image-preview:large","max-video-preview":"max-video-preview:-1"},"canonical":"https:\/\/medialogue.com.br\/novosite\/estudo-escritorios-advocacia-facebook\/","og_locale":"pt_BR","og_type":"article","og_title":"Os maiores escrit\u00f3rios de advocacia do Brasil no Facebook | Medialogue","og_description":"Neste estudo a Medialogue Digital avaliou a presen\u00e7a de 20 entre os maiores escrit\u00f3rios de advocacia do Brasil no Facebook.","og_url":"https:\/\/medialogue.com.br\/novosite\/estudo-escritorios-advocacia-facebook\/","og_site_name":"Medialogue","article_publisher":"http:\/\/www.facebook.com\/Medialogue","og_image":[{"url":"https:\/\/www.medialogue.com.br\/novosite\/wp-content\/uploads\/2017\/03\/Ministros-Temer-Facebook-1.png","type":"","width":"","height":""}],"twitter_card":"summary_large_image","twitter_site":"@Medialoguebr","schema":{"@context":"https:\/\/schema.org","@graph":[{"@type":"WebPage","@id":"https:\/\/medialogue.com.br\/novosite\/estudo-escritorios-advocacia-facebook\/","url":"https:\/\/medialogue.com.br\/novosite\/estudo-escritorios-advocacia-facebook\/","name":"Os maiores escrit\u00f3rios de advocacia do Brasil no Facebook | Medialogue","isPartOf":{"@id":"https:\/\/medialogue.com.br\/novosite\/#website"},"datePublished":"2017-07-03T22:22:49+00:00","dateModified":"2017-07-03T22:22:49+00:00","description":"Neste estudo a Medialogue Digital avaliou a presen\u00e7a de 20 entre os maiores escrit\u00f3rios de advocacia do Brasil no Facebook.","breadcrumb":{"@id":"https:\/\/medialogue.com.br\/novosite\/estudo-escritorios-advocacia-facebook\/#breadcrumb"},"inLanguage":"pt-BR","potentialAction":[{"@type":"ReadAction","target":["https:\/\/medialogue.com.br\/novosite\/estudo-escritorios-advocacia-facebook\/"]}]},{"@type":"BreadcrumbList","@id":"https:\/\/medialogue.com.br\/novosite\/estudo-escritorios-advocacia-facebook\/#breadcrumb","itemListElement":[{"@type":"ListItem","position":1,"name":"In\u00edcio","item":"https:\/\/medialogue.com.br\/novosite\/"},{"@type":"ListItem","position":2,"name":"Os maiores escrit\u00f3rios de advocacia do Brasil no Facebook"}]},{"@type":"WebSite","@id":"https:\/\/medialogue.com.br\/novosite\/#website","url":"https:\/\/medialogue.com.br\/novosite\/","name":"Medialogue","description":"Comunica\u00e7\u00e3o digital","publisher":{"@id":"https:\/\/medialogue.com.br\/novosite\/#organization"},"potentialAction":[{"@type":"SearchAction","target":{"@type":"EntryPoint","urlTemplate":"https:\/\/medialogue.com.br\/novosite\/?s={search_term_string}"},"query-input":{"@type":"PropertyValueSpecification","valueRequired":true,"valueName":"search_term_string"}}],"inLanguage":"pt-BR"},{"@type":"Organization","@id":"https:\/\/medialogue.com.br\/novosite\/#organization","name":"Medialogue","url":"https:\/\/medialogue.com.br\/novosite\/","logo":{"@type":"ImageObject","inLanguage":"pt-BR","@id":"https:\/\/medialogue.com.br\/novosite\/#\/schema\/logo\/image\/","url":"https:\/\/www.medialogue.com.br\/novosite\/wp-content\/uploads\/2015\/06\/medialogue_logo_fundopretoRGB_medio.jpg","contentUrl":"https:\/\/www.medialogue.com.br\/novosite\/wp-content\/uploads\/2015\/06\/medialogue_logo_fundopretoRGB_medio.jpg","width":450,"height":88,"caption":"Medialogue"},"image":{"@id":"https:\/\/medialogue.com.br\/novosite\/#\/schema\/logo\/image\/"},"sameAs":["http:\/\/www.facebook.com\/Medialogue","https:\/\/x.com\/Medialoguebr","http:\/\/www.linkedin.com\/company\/medialogue","https:\/\/www.youtube.com\/user\/Medialoguebr"]}]}},"wps_subtitle":"","_links":{"self":[{"href":"https:\/\/medialogue.com.br\/novosite\/wp-json\/wp\/v2\/pages\/4223","targetHints":{"allow":["GET"]}}],"collection":[{"href":"https:\/\/medialogue.com.br\/novosite\/wp-json\/wp\/v2\/pages"}],"about":[{"href":"https:\/\/medialogue.com.br\/novosite\/wp-json\/wp\/v2\/types\/page"}],"author":[{"embeddable":true,"href":"https:\/\/medialogue.com.br\/novosite\/wp-json\/wp\/v2\/users\/4"}],"replies":[{"embeddable":true,"href":"https:\/\/medialogue.com.br\/novosite\/wp-json\/wp\/v2\/comments?post=4223"}],"version-history":[{"count":0,"href":"https:\/\/medialogue.com.br\/novosite\/wp-json\/wp\/v2\/pages\/4223\/revisions"}],"wp:attachment":[{"href":"https:\/\/medialogue.com.br\/novosite\/wp-json\/wp\/v2\/media?parent=4223"}],"curies":[{"name":"wp","href":"https:\/\/api.w.org\/{rel}","templated":true}]}}