{"id":4148,"date":"2017-05-02T23:36:31","date_gmt":"2017-05-03T02:36:31","guid":{"rendered":"http:\/\/www.medialogue.com.br\/?page_id=4148"},"modified":"2017-07-26T17:40:52","modified_gmt":"2017-07-26T20:40:52","slug":"prefeitosnofacebook","status":"publish","type":"page","link":"https:\/\/medialogue.com.br\/novosite\/prefeitosnofacebook\/","title":{"rendered":"Prefeitos no Facebook"},"content":{"rendered":"<div class=\"page\" title=\"Page 5\">\n<div class=\"section\">\n<div class=\"layoutArea\">\n<div class=\"column\">\n<p>Neste estudo avaliamos o desempenho dos prefeitos de capitais brasileiras no Facebook em seus 100 primeiros dias de gest\u00e3o. As p\u00e1ginas pessoais dos 26 gestores municipais foram comparadas usando a metodologia da pesquisa <a href=\"http:\/\/www.medialogue.com.br\/2016\/10\/pesquisa-medialogue-revela-politicos-mais-influentes-da-web\/\" target=\"_blank\" rel=\"noopener noreferrer\">Pol\u00edtico Digital<\/a>, que desde 2011 avalia a presen\u00e7a e performance dos pol\u00edticos brasileiros na web e redes sociais.<\/p>\n<p>Este\u00a0estudo da Medialogue Digital e <a href=\"http:\/\/rg.medialogue.com.br\" target=\"_blank\" rel=\"noopener noreferrer\">Reputation Guardian<\/a>\u00a0traz o ranking dos prefeitos por influ\u00eancia e compara 10 indicadores de desempenho no Facebook.<\/p>\n<\/div>\n<\/div>\n<\/div>\n<\/div>\n<p><strong>O que voc\u00ea vai saber baixando o estudo:<\/strong><\/p>\n<p>\u2022\u00a0O ranking dos prefeitos mais influentes no Facebook<\/p>\n<p>\u2022\u00a0Quem tem mais eleitores na sua p\u00e1gina<\/p>\n<p>\u2022 Os que mais ganharam f\u00e3s nos primeiros 100 dias<\/p>\n<p>\u2022 Os prefeitos que postam\u00a0mais e quais usam mais v\u00eddeos<\/p>\n<p>Para acessar o estudo gratuitamente \u00e9 s\u00f3 preencher o formul\u00e1rio.<\/p>\n","protected":false},"excerpt":{"rendered":"<p>Neste estudo avaliamos o desempenho dos prefeitos de capitais brasileiras no Facebook em seus 100 primeiros dias de gest\u00e3o. As p\u00e1ginas pessoais dos 26 gestores municipais foram comparadas usando a metodologia da pesquisa Pol\u00edtico Digital, que desde 2011 avalia a presen\u00e7a e performance dos pol\u00edticos brasileiros na web e redes sociais. Este\u00a0estudo da Medialogue Digital e Reputation Guardian\u00a0traz o ranking dos prefeitos por influ\u00eancia e compara 10 indicadores de desempenho no Facebook. O que voc\u00ea vai saber baixando o estudo: \u2022\u00a0O ranking dos prefeitos mais influentes no Facebook \u2022\u00a0Quem tem mais eleitores na sua p\u00e1gina \u2022 Os que mais ganharam&#8230;<\/p>\n","protected":false},"author":4,"featured_media":0,"parent":0,"menu_order":0,"comment_status":"closed","ping_status":"closed","template":"pages\/template_landing.php","meta":{"_acf_changed":false,"footnotes":""},"class_list":["post-4148","page","type-page","status-publish","hentry"],"acf":[],"yoast_head":"<!-- This site is optimized with the Yoast SEO plugin v24.2 - https:\/\/yoast.com\/wordpress\/plugins\/seo\/ -->\n<title>Prefeitos no Facebook | Medialogue<\/title>\n<meta name=\"description\" content=\"Fa\u00e7a download do estudo da Medialogue Digital que avalia o desempenho dos prefeitos no Facebook em seus 100 primeiros dias de gest\u00e3o.\" \/>\n<meta name=\"robots\" content=\"index, follow, max-snippet:-1, max-image-preview:large, max-video-preview:-1\" \/>\n<link rel=\"canonical\" href=\"https:\/\/medialogue.com.br\/novosite\/prefeitosnofacebook\/\" \/>\n<meta property=\"og:locale\" content=\"pt_BR\" \/>\n<meta property=\"og:type\" content=\"article\" \/>\n<meta property=\"og:title\" content=\"Prefeitos no Facebook | Medialogue\" \/>\n<meta property=\"og:description\" content=\"Fa\u00e7a download do estudo da Medialogue Digital que avalia o desempenho dos prefeitos no Facebook em seus 100 primeiros dias de gest\u00e3o.\" \/>\n<meta property=\"og:url\" content=\"https:\/\/medialogue.com.br\/novosite\/prefeitosnofacebook\/\" \/>\n<meta property=\"og:site_name\" content=\"Medialogue\" \/>\n<meta property=\"article:publisher\" content=\"http:\/\/www.facebook.com\/Medialogue\" \/>\n<meta property=\"article:modified_time\" content=\"2017-07-26T20:40:52+00:00\" \/>\n<meta property=\"og:image\" content=\"https:\/\/www.medialogue.com.br\/novosite\/wp-content\/uploads\/2015\/06\/Medialogue-Apresentacao.png\" \/>\n<meta name=\"twitter:card\" content=\"summary_large_image\" \/>\n<meta name=\"twitter:site\" content=\"@Medialoguebr\" \/>\n<meta name=\"twitter:label1\" content=\"Est. tempo de leitura\" \/>\n\t<meta name=\"twitter:data1\" content=\"1 minuto\" \/>\n<script type=\"application\/ld+json\" class=\"yoast-schema-graph\">{\"@context\":\"https:\/\/schema.org\",\"@graph\":[{\"@type\":\"WebPage\",\"@id\":\"https:\/\/medialogue.com.br\/novosite\/prefeitosnofacebook\/\",\"url\":\"https:\/\/medialogue.com.br\/novosite\/prefeitosnofacebook\/\",\"name\":\"Prefeitos no Facebook | Medialogue\",\"isPartOf\":{\"@id\":\"https:\/\/medialogue.com.br\/novosite\/#website\"},\"datePublished\":\"2017-05-03T02:36:31+00:00\",\"dateModified\":\"2017-07-26T20:40:52+00:00\",\"description\":\"Fa\u00e7a download do estudo da Medialogue Digital que avalia o desempenho dos prefeitos no Facebook em seus 100 primeiros dias de gest\u00e3o.\",\"breadcrumb\":{\"@id\":\"https:\/\/medialogue.com.br\/novosite\/prefeitosnofacebook\/#breadcrumb\"},\"inLanguage\":\"pt-BR\",\"potentialAction\":[{\"@type\":\"ReadAction\",\"target\":[\"https:\/\/medialogue.com.br\/novosite\/prefeitosnofacebook\/\"]}]},{\"@type\":\"BreadcrumbList\",\"@id\":\"https:\/\/medialogue.com.br\/novosite\/prefeitosnofacebook\/#breadcrumb\",\"itemListElement\":[{\"@type\":\"ListItem\",\"position\":1,\"name\":\"In\u00edcio\",\"item\":\"https:\/\/medialogue.com.br\/novosite\/\"},{\"@type\":\"ListItem\",\"position\":2,\"name\":\"Prefeitos no Facebook\"}]},{\"@type\":\"WebSite\",\"@id\":\"https:\/\/medialogue.com.br\/novosite\/#website\",\"url\":\"https:\/\/medialogue.com.br\/novosite\/\",\"name\":\"Medialogue\",\"description\":\"Comunica\u00e7\u00e3o digital\",\"publisher\":{\"@id\":\"https:\/\/medialogue.com.br\/novosite\/#organization\"},\"potentialAction\":[{\"@type\":\"SearchAction\",\"target\":{\"@type\":\"EntryPoint\",\"urlTemplate\":\"https:\/\/medialogue.com.br\/novosite\/?s={search_term_string}\"},\"query-input\":{\"@type\":\"PropertyValueSpecification\",\"valueRequired\":true,\"valueName\":\"search_term_string\"}}],\"inLanguage\":\"pt-BR\"},{\"@type\":\"Organization\",\"@id\":\"https:\/\/medialogue.com.br\/novosite\/#organization\",\"name\":\"Medialogue\",\"url\":\"https:\/\/medialogue.com.br\/novosite\/\",\"logo\":{\"@type\":\"ImageObject\",\"inLanguage\":\"pt-BR\",\"@id\":\"https:\/\/medialogue.com.br\/novosite\/#\/schema\/logo\/image\/\",\"url\":\"https:\/\/www.medialogue.com.br\/novosite\/wp-content\/uploads\/2015\/06\/medialogue_logo_fundopretoRGB_medio.jpg\",\"contentUrl\":\"https:\/\/www.medialogue.com.br\/novosite\/wp-content\/uploads\/2015\/06\/medialogue_logo_fundopretoRGB_medio.jpg\",\"width\":450,\"height\":88,\"caption\":\"Medialogue\"},\"image\":{\"@id\":\"https:\/\/medialogue.com.br\/novosite\/#\/schema\/logo\/image\/\"},\"sameAs\":[\"http:\/\/www.facebook.com\/Medialogue\",\"https:\/\/x.com\/Medialoguebr\",\"http:\/\/www.linkedin.com\/company\/medialogue\",\"https:\/\/www.youtube.com\/user\/Medialoguebr\"]}]}<\/script>\n<!-- \/ Yoast SEO plugin. -->","yoast_head_json":{"title":"Prefeitos no Facebook | Medialogue","description":"Fa\u00e7a download do estudo da Medialogue Digital que avalia o desempenho dos prefeitos no Facebook em seus 100 primeiros dias de gest\u00e3o.","robots":{"index":"index","follow":"follow","max-snippet":"max-snippet:-1","max-image-preview":"max-image-preview:large","max-video-preview":"max-video-preview:-1"},"canonical":"https:\/\/medialogue.com.br\/novosite\/prefeitosnofacebook\/","og_locale":"pt_BR","og_type":"article","og_title":"Prefeitos no Facebook | Medialogue","og_description":"Fa\u00e7a download do estudo da Medialogue Digital que avalia o desempenho dos prefeitos no Facebook em seus 100 primeiros dias de gest\u00e3o.","og_url":"https:\/\/medialogue.com.br\/novosite\/prefeitosnofacebook\/","og_site_name":"Medialogue","article_publisher":"http:\/\/www.facebook.com\/Medialogue","article_modified_time":"2017-07-26T20:40:52+00:00","og_image":[{"url":"https:\/\/www.medialogue.com.br\/novosite\/wp-content\/uploads\/2015\/06\/Medialogue-Apresentacao.png","type":"","width":"","height":""}],"twitter_card":"summary_large_image","twitter_site":"@Medialoguebr","twitter_misc":{"Est. tempo de leitura":"1 minuto"},"schema":{"@context":"https:\/\/schema.org","@graph":[{"@type":"WebPage","@id":"https:\/\/medialogue.com.br\/novosite\/prefeitosnofacebook\/","url":"https:\/\/medialogue.com.br\/novosite\/prefeitosnofacebook\/","name":"Prefeitos no Facebook | Medialogue","isPartOf":{"@id":"https:\/\/medialogue.com.br\/novosite\/#website"},"datePublished":"2017-05-03T02:36:31+00:00","dateModified":"2017-07-26T20:40:52+00:00","description":"Fa\u00e7a download do estudo da Medialogue Digital que avalia o desempenho dos prefeitos no Facebook em seus 100 primeiros dias de gest\u00e3o.","breadcrumb":{"@id":"https:\/\/medialogue.com.br\/novosite\/prefeitosnofacebook\/#breadcrumb"},"inLanguage":"pt-BR","potentialAction":[{"@type":"ReadAction","target":["https:\/\/medialogue.com.br\/novosite\/prefeitosnofacebook\/"]}]},{"@type":"BreadcrumbList","@id":"https:\/\/medialogue.com.br\/novosite\/prefeitosnofacebook\/#breadcrumb","itemListElement":[{"@type":"ListItem","position":1,"name":"In\u00edcio","item":"https:\/\/medialogue.com.br\/novosite\/"},{"@type":"ListItem","position":2,"name":"Prefeitos no Facebook"}]},{"@type":"WebSite","@id":"https:\/\/medialogue.com.br\/novosite\/#website","url":"https:\/\/medialogue.com.br\/novosite\/","name":"Medialogue","description":"Comunica\u00e7\u00e3o digital","publisher":{"@id":"https:\/\/medialogue.com.br\/novosite\/#organization"},"potentialAction":[{"@type":"SearchAction","target":{"@type":"EntryPoint","urlTemplate":"https:\/\/medialogue.com.br\/novosite\/?s={search_term_string}"},"query-input":{"@type":"PropertyValueSpecification","valueRequired":true,"valueName":"search_term_string"}}],"inLanguage":"pt-BR"},{"@type":"Organization","@id":"https:\/\/medialogue.com.br\/novosite\/#organization","name":"Medialogue","url":"https:\/\/medialogue.com.br\/novosite\/","logo":{"@type":"ImageObject","inLanguage":"pt-BR","@id":"https:\/\/medialogue.com.br\/novosite\/#\/schema\/logo\/image\/","url":"https:\/\/www.medialogue.com.br\/novosite\/wp-content\/uploads\/2015\/06\/medialogue_logo_fundopretoRGB_medio.jpg","contentUrl":"https:\/\/www.medialogue.com.br\/novosite\/wp-content\/uploads\/2015\/06\/medialogue_logo_fundopretoRGB_medio.jpg","width":450,"height":88,"caption":"Medialogue"},"image":{"@id":"https:\/\/medialogue.com.br\/novosite\/#\/schema\/logo\/image\/"},"sameAs":["http:\/\/www.facebook.com\/Medialogue","https:\/\/x.com\/Medialoguebr","http:\/\/www.linkedin.com\/company\/medialogue","https:\/\/www.youtube.com\/user\/Medialoguebr"]}]}},"wps_subtitle":"","_links":{"self":[{"href":"https:\/\/medialogue.com.br\/novosite\/wp-json\/wp\/v2\/pages\/4148","targetHints":{"allow":["GET"]}}],"collection":[{"href":"https:\/\/medialogue.com.br\/novosite\/wp-json\/wp\/v2\/pages"}],"about":[{"href":"https:\/\/medialogue.com.br\/novosite\/wp-json\/wp\/v2\/types\/page"}],"author":[{"embeddable":true,"href":"https:\/\/medialogue.com.br\/novosite\/wp-json\/wp\/v2\/users\/4"}],"replies":[{"embeddable":true,"href":"https:\/\/medialogue.com.br\/novosite\/wp-json\/wp\/v2\/comments?post=4148"}],"version-history":[{"count":0,"href":"https:\/\/medialogue.com.br\/novosite\/wp-json\/wp\/v2\/pages\/4148\/revisions"}],"wp:attachment":[{"href":"https:\/\/medialogue.com.br\/novosite\/wp-json\/wp\/v2\/media?parent=4148"}],"curies":[{"name":"wp","href":"https:\/\/api.w.org\/{rel}","templated":true}]}}