{"id":4132,"date":"2017-04-25T13:25:11","date_gmt":"2017-04-25T16:25:11","guid":{"rendered":"http:\/\/www.medialogue.com.br\/?page_id=4132"},"modified":"2017-04-27T15:38:52","modified_gmt":"2017-04-27T18:38:52","slug":"toffolinarevistaveja","status":"publish","type":"page","link":"https:\/\/medialogue.com.br\/novosite\/toffolinarevistaveja\/","title":{"rendered":"O caso Toffoli na Veja e 7 li\u00e7\u00f5es para enfrentar crises digitais"},"content":{"rendered":"<div class=\"page\" title=\"Page 5\">\n<div class=\"section\">\n<div class=\"layoutArea\">\n<div class=\"column\">\n<p>No ano passado a revista Veja publicou reportagem de capa ligando Jos\u00e9 Dias Toffoli, ministro do STF, ao ex-presidente da empreiteira OAS, um dos principais investigados na Lava Jato.\u00a0A revista tem tiragem ao redor de 1 milh\u00e3o de exemplares, mas na internet a repercuss\u00e3o atingiu 5 vezes mais pessoas e durou quase duas semanas.<\/p>\n<p>Este\u00a0estudo da Medialogue Digital e <a href=\"http:\/\/rg.medialogue.com.br\" target=\"_blank\" rel=\"noopener noreferrer\">Reputation Guardian<\/a>\u00a0explica o que aconteceu e mostra as sete\u00a0li\u00e7\u00f5es do caso para enfrentar\u00a0crises digitais.<\/p>\n<\/div>\n<\/div>\n<\/div>\n<\/div>\n<p><strong>O que voc\u00ea vai saber baixando o estudo:<\/strong><\/p>\n<p>\u2022\u00a0O alcance da discuss\u00e3o e quantas pessoas foram atingidas<\/p>\n<p>\u2022 Como o tema foi abordado, seus desdobramentos e o sentimento<\/p>\n<p>\u2022 Os principais influenciadores e os perfis mais ativos\u00a0na rede<\/p>\n<p>\u2022 As\u00a07 li\u00e7\u00f5es para enfrentar crises digitais<\/p>\n<p>Para acessar o estudo gratuitamente \u00e9 s\u00f3 preencher o formul\u00e1rio.<\/p>\n","protected":false},"excerpt":{"rendered":"<p>No ano passado a revista Veja publicou reportagem de capa ligando Jos\u00e9 Dias Toffoli, ministro do STF, ao ex-presidente da empreiteira OAS, um dos principais investigados na Lava Jato.\u00a0A revista tem tiragem ao redor de 1 milh\u00e3o de exemplares, mas na internet a repercuss\u00e3o atingiu 5 vezes mais pessoas e durou quase duas semanas. Este\u00a0estudo da Medialogue Digital e Reputation Guardian\u00a0explica o que aconteceu e mostra as sete\u00a0li\u00e7\u00f5es do caso para enfrentar\u00a0crises digitais. O que voc\u00ea vai saber baixando o estudo: \u2022\u00a0O alcance da discuss\u00e3o e quantas pessoas foram atingidas \u2022 Como o tema foi abordado, seus desdobramentos e o&#8230;<\/p>\n","protected":false},"author":4,"featured_media":0,"parent":0,"menu_order":0,"comment_status":"closed","ping_status":"closed","template":"pages\/template_landing.php","meta":{"_acf_changed":false,"footnotes":""},"class_list":["post-4132","page","type-page","status-publish","hentry"],"acf":[],"yoast_head":"<!-- This site is optimized with the Yoast SEO plugin v24.2 - https:\/\/yoast.com\/wordpress\/plugins\/seo\/ -->\n<title>O caso Toffoli na Veja e 7 li\u00e7\u00f5es para enfrentar crises digitais | Medialogue<\/title>\n<meta name=\"description\" content=\"Como a hist\u00f3ria da &quot;mans\u00e3o&quot; do ministro Toffoli na revista Veja acabou sendo comentada por quase 5 milh\u00f5es de pessoas nas redes sociais.\" \/>\n<meta name=\"robots\" content=\"index, follow, max-snippet:-1, max-image-preview:large, max-video-preview:-1\" \/>\n<link rel=\"canonical\" href=\"https:\/\/medialogue.com.br\/novosite\/toffolinarevistaveja\/\" \/>\n<meta property=\"og:locale\" content=\"pt_BR\" \/>\n<meta property=\"og:type\" content=\"article\" \/>\n<meta property=\"og:title\" content=\"O caso Toffoli na Veja e 7 li\u00e7\u00f5es para enfrentar crises digitais | Medialogue\" \/>\n<meta property=\"og:description\" content=\"Como a hist\u00f3ria da &quot;mans\u00e3o&quot; do ministro Toffoli na revista Veja acabou sendo comentada por quase 5 milh\u00f5es de pessoas nas redes sociais.\" \/>\n<meta property=\"og:url\" content=\"https:\/\/medialogue.com.br\/novosite\/toffolinarevistaveja\/\" \/>\n<meta property=\"og:site_name\" content=\"Medialogue\" \/>\n<meta property=\"article:publisher\" content=\"http:\/\/www.facebook.com\/Medialogue\" \/>\n<meta property=\"article:modified_time\" content=\"2017-04-27T18:38:52+00:00\" \/>\n<meta property=\"og:image\" content=\"https:\/\/www.medialogue.com.br\/novosite\/wp-content\/uploads\/2017\/04\/estudo-medialogue-toffoli-veja-crise-digital.jpg\" \/>\n<meta name=\"twitter:card\" content=\"summary_large_image\" \/>\n<meta name=\"twitter:site\" content=\"@Medialoguebr\" \/>\n<meta name=\"twitter:label1\" content=\"Est. tempo de leitura\" \/>\n\t<meta name=\"twitter:data1\" content=\"1 minuto\" \/>\n<script type=\"application\/ld+json\" class=\"yoast-schema-graph\">{\"@context\":\"https:\/\/schema.org\",\"@graph\":[{\"@type\":\"WebPage\",\"@id\":\"https:\/\/medialogue.com.br\/novosite\/toffolinarevistaveja\/\",\"url\":\"https:\/\/medialogue.com.br\/novosite\/toffolinarevistaveja\/\",\"name\":\"O caso Toffoli na Veja e 7 li\u00e7\u00f5es para enfrentar crises digitais | Medialogue\",\"isPartOf\":{\"@id\":\"https:\/\/medialogue.com.br\/novosite\/#website\"},\"datePublished\":\"2017-04-25T16:25:11+00:00\",\"dateModified\":\"2017-04-27T18:38:52+00:00\",\"description\":\"Como a hist\u00f3ria da \\\"mans\u00e3o\\\" do ministro Toffoli na revista Veja acabou sendo comentada por quase 5 milh\u00f5es de pessoas nas redes sociais.\",\"breadcrumb\":{\"@id\":\"https:\/\/medialogue.com.br\/novosite\/toffolinarevistaveja\/#breadcrumb\"},\"inLanguage\":\"pt-BR\",\"potentialAction\":[{\"@type\":\"ReadAction\",\"target\":[\"https:\/\/medialogue.com.br\/novosite\/toffolinarevistaveja\/\"]}]},{\"@type\":\"BreadcrumbList\",\"@id\":\"https:\/\/medialogue.com.br\/novosite\/toffolinarevistaveja\/#breadcrumb\",\"itemListElement\":[{\"@type\":\"ListItem\",\"position\":1,\"name\":\"In\u00edcio\",\"item\":\"https:\/\/medialogue.com.br\/novosite\/\"},{\"@type\":\"ListItem\",\"position\":2,\"name\":\"O caso Toffoli na Veja e 7 li\u00e7\u00f5es para enfrentar crises digitais\"}]},{\"@type\":\"WebSite\",\"@id\":\"https:\/\/medialogue.com.br\/novosite\/#website\",\"url\":\"https:\/\/medialogue.com.br\/novosite\/\",\"name\":\"Medialogue\",\"description\":\"Comunica\u00e7\u00e3o digital\",\"publisher\":{\"@id\":\"https:\/\/medialogue.com.br\/novosite\/#organization\"},\"potentialAction\":[{\"@type\":\"SearchAction\",\"target\":{\"@type\":\"EntryPoint\",\"urlTemplate\":\"https:\/\/medialogue.com.br\/novosite\/?s={search_term_string}\"},\"query-input\":{\"@type\":\"PropertyValueSpecification\",\"valueRequired\":true,\"valueName\":\"search_term_string\"}}],\"inLanguage\":\"pt-BR\"},{\"@type\":\"Organization\",\"@id\":\"https:\/\/medialogue.com.br\/novosite\/#organization\",\"name\":\"Medialogue\",\"url\":\"https:\/\/medialogue.com.br\/novosite\/\",\"logo\":{\"@type\":\"ImageObject\",\"inLanguage\":\"pt-BR\",\"@id\":\"https:\/\/medialogue.com.br\/novosite\/#\/schema\/logo\/image\/\",\"url\":\"https:\/\/www.medialogue.com.br\/novosite\/wp-content\/uploads\/2015\/06\/medialogue_logo_fundopretoRGB_medio.jpg\",\"contentUrl\":\"https:\/\/www.medialogue.com.br\/novosite\/wp-content\/uploads\/2015\/06\/medialogue_logo_fundopretoRGB_medio.jpg\",\"width\":450,\"height\":88,\"caption\":\"Medialogue\"},\"image\":{\"@id\":\"https:\/\/medialogue.com.br\/novosite\/#\/schema\/logo\/image\/\"},\"sameAs\":[\"http:\/\/www.facebook.com\/Medialogue\",\"https:\/\/x.com\/Medialoguebr\",\"http:\/\/www.linkedin.com\/company\/medialogue\",\"https:\/\/www.youtube.com\/user\/Medialoguebr\"]}]}<\/script>\n<!-- \/ Yoast SEO plugin. -->","yoast_head_json":{"title":"O caso Toffoli na Veja e 7 li\u00e7\u00f5es para enfrentar crises digitais | Medialogue","description":"Como a hist\u00f3ria da \"mans\u00e3o\" do ministro Toffoli na revista Veja acabou sendo comentada por quase 5 milh\u00f5es de pessoas nas redes sociais.","robots":{"index":"index","follow":"follow","max-snippet":"max-snippet:-1","max-image-preview":"max-image-preview:large","max-video-preview":"max-video-preview:-1"},"canonical":"https:\/\/medialogue.com.br\/novosite\/toffolinarevistaveja\/","og_locale":"pt_BR","og_type":"article","og_title":"O caso Toffoli na Veja e 7 li\u00e7\u00f5es para enfrentar crises digitais | Medialogue","og_description":"Como a hist\u00f3ria da \"mans\u00e3o\" do ministro Toffoli na revista Veja acabou sendo comentada por quase 5 milh\u00f5es de pessoas nas redes sociais.","og_url":"https:\/\/medialogue.com.br\/novosite\/toffolinarevistaveja\/","og_site_name":"Medialogue","article_publisher":"http:\/\/www.facebook.com\/Medialogue","article_modified_time":"2017-04-27T18:38:52+00:00","og_image":[{"url":"https:\/\/www.medialogue.com.br\/novosite\/wp-content\/uploads\/2017\/04\/estudo-medialogue-toffoli-veja-crise-digital.jpg","type":"","width":"","height":""}],"twitter_card":"summary_large_image","twitter_site":"@Medialoguebr","twitter_misc":{"Est. tempo de leitura":"1 minuto"},"schema":{"@context":"https:\/\/schema.org","@graph":[{"@type":"WebPage","@id":"https:\/\/medialogue.com.br\/novosite\/toffolinarevistaveja\/","url":"https:\/\/medialogue.com.br\/novosite\/toffolinarevistaveja\/","name":"O caso Toffoli na Veja e 7 li\u00e7\u00f5es para enfrentar crises digitais | Medialogue","isPartOf":{"@id":"https:\/\/medialogue.com.br\/novosite\/#website"},"datePublished":"2017-04-25T16:25:11+00:00","dateModified":"2017-04-27T18:38:52+00:00","description":"Como a hist\u00f3ria da \"mans\u00e3o\" do ministro Toffoli na revista Veja acabou sendo comentada por quase 5 milh\u00f5es de pessoas nas redes sociais.","breadcrumb":{"@id":"https:\/\/medialogue.com.br\/novosite\/toffolinarevistaveja\/#breadcrumb"},"inLanguage":"pt-BR","potentialAction":[{"@type":"ReadAction","target":["https:\/\/medialogue.com.br\/novosite\/toffolinarevistaveja\/"]}]},{"@type":"BreadcrumbList","@id":"https:\/\/medialogue.com.br\/novosite\/toffolinarevistaveja\/#breadcrumb","itemListElement":[{"@type":"ListItem","position":1,"name":"In\u00edcio","item":"https:\/\/medialogue.com.br\/novosite\/"},{"@type":"ListItem","position":2,"name":"O caso Toffoli na Veja e 7 li\u00e7\u00f5es para enfrentar crises digitais"}]},{"@type":"WebSite","@id":"https:\/\/medialogue.com.br\/novosite\/#website","url":"https:\/\/medialogue.com.br\/novosite\/","name":"Medialogue","description":"Comunica\u00e7\u00e3o digital","publisher":{"@id":"https:\/\/medialogue.com.br\/novosite\/#organization"},"potentialAction":[{"@type":"SearchAction","target":{"@type":"EntryPoint","urlTemplate":"https:\/\/medialogue.com.br\/novosite\/?s={search_term_string}"},"query-input":{"@type":"PropertyValueSpecification","valueRequired":true,"valueName":"search_term_string"}}],"inLanguage":"pt-BR"},{"@type":"Organization","@id":"https:\/\/medialogue.com.br\/novosite\/#organization","name":"Medialogue","url":"https:\/\/medialogue.com.br\/novosite\/","logo":{"@type":"ImageObject","inLanguage":"pt-BR","@id":"https:\/\/medialogue.com.br\/novosite\/#\/schema\/logo\/image\/","url":"https:\/\/www.medialogue.com.br\/novosite\/wp-content\/uploads\/2015\/06\/medialogue_logo_fundopretoRGB_medio.jpg","contentUrl":"https:\/\/www.medialogue.com.br\/novosite\/wp-content\/uploads\/2015\/06\/medialogue_logo_fundopretoRGB_medio.jpg","width":450,"height":88,"caption":"Medialogue"},"image":{"@id":"https:\/\/medialogue.com.br\/novosite\/#\/schema\/logo\/image\/"},"sameAs":["http:\/\/www.facebook.com\/Medialogue","https:\/\/x.com\/Medialoguebr","http:\/\/www.linkedin.com\/company\/medialogue","https:\/\/www.youtube.com\/user\/Medialoguebr"]}]}},"wps_subtitle":"","_links":{"self":[{"href":"https:\/\/medialogue.com.br\/novosite\/wp-json\/wp\/v2\/pages\/4132","targetHints":{"allow":["GET"]}}],"collection":[{"href":"https:\/\/medialogue.com.br\/novosite\/wp-json\/wp\/v2\/pages"}],"about":[{"href":"https:\/\/medialogue.com.br\/novosite\/wp-json\/wp\/v2\/types\/page"}],"author":[{"embeddable":true,"href":"https:\/\/medialogue.com.br\/novosite\/wp-json\/wp\/v2\/users\/4"}],"replies":[{"embeddable":true,"href":"https:\/\/medialogue.com.br\/novosite\/wp-json\/wp\/v2\/comments?post=4132"}],"version-history":[{"count":0,"href":"https:\/\/medialogue.com.br\/novosite\/wp-json\/wp\/v2\/pages\/4132\/revisions"}],"wp:attachment":[{"href":"https:\/\/medialogue.com.br\/novosite\/wp-json\/wp\/v2\/media?parent=4132"}],"curies":[{"name":"wp","href":"https:\/\/api.w.org\/{rel}","templated":true}]}}