{"id":1142,"date":"2015-06-15T22:40:42","date_gmt":"2015-06-15T22:40:42","guid":{"rendered":"http:\/\/www.medialogue.com.br\/novosite\/?page_id=1142"},"modified":"2015-07-14T19:57:38","modified_gmt":"2015-07-14T19:57:38","slug":"publicacoes","status":"publish","type":"page","link":"https:\/\/medialogue.com.br\/novosite\/publicacoes\/","title":{"rendered":"Publica\u00e7\u00f5es"},"content":{"rendered":"<p>Conhe\u00e7a as publica\u00e7\u00f5es e pesquisas da Medialogue e tenha acesso ao conte\u00fado gratuitamente.<\/p>\n","protected":false},"excerpt":{"rendered":"<p>Conhe\u00e7a as publica\u00e7\u00f5es e pesquisas da Medialogue e tenha acesso ao conte\u00fado gratuitamente.<\/p>\n","protected":false},"author":1,"featured_media":1169,"parent":0,"menu_order":0,"comment_status":"open","ping_status":"open","template":"pages\/publicacoes.php","meta":{"_acf_changed":false,"footnotes":""},"class_list":["post-1142","page","type-page","status-publish","has-post-thumbnail","hentry"],"acf":[],"yoast_head":"<!-- This site is optimized with the Yoast SEO plugin v24.2 - https:\/\/yoast.com\/wordpress\/plugins\/seo\/ -->\n<title>Publica\u00e7\u00f5es | Medialogue<\/title>\n<meta name=\"description\" content=\"Conhe\u00e7a as publica\u00e7\u00f5es e pesquisas da Medialogue e tenha acesso ao conte\u00fado gratuitamente.\" \/>\n<meta name=\"robots\" content=\"index, follow, max-snippet:-1, max-image-preview:large, max-video-preview:-1\" \/>\n<link rel=\"canonical\" href=\"https:\/\/medialogue.com.br\/novosite\/publicacoes\/\" \/>\n<meta property=\"og:locale\" content=\"pt_BR\" \/>\n<meta property=\"og:type\" content=\"article\" \/>\n<meta property=\"og:title\" content=\"Baixe gratuitamente as publica\u00e7\u00f5es da Medialogue\" \/>\n<meta property=\"og:description\" content=\"A Medialogue realiza pesquisas e publica guias e e-books que contribuem para ampliar o conhecimento sobre estrat\u00e9gias de comunica\u00e7\u00e3o digital em v\u00e1rias \u00e1reas. A s\u00e9rie de pesquisas POL\u00cdTICO 2.0 tornou-se refer\u00eancia nessa \u00e1rea e teve uma grande repercuss\u00e3o na m\u00eddia.\" \/>\n<meta property=\"og:url\" content=\"https:\/\/medialogue.com.br\/novosite\/publicacoes\/\" \/>\n<meta property=\"og:site_name\" content=\"Medialogue\" \/>\n<meta property=\"article:publisher\" content=\"http:\/\/www.facebook.com\/Medialogue\" \/>\n<meta property=\"article:modified_time\" content=\"2015-07-14T19:57:38+00:00\" \/>\n<meta property=\"og:image\" content=\"https:\/\/www.medialogue.com.br\/novosite\/wp-content\/uploads\/2015\/06\/Politico-20-Ilustrado-2012-Medialogue.png\" \/>\n<meta name=\"twitter:card\" content=\"summary_large_image\" \/>\n<meta name=\"twitter:site\" content=\"@Medialoguebr\" \/>\n<script type=\"application\/ld+json\" class=\"yoast-schema-graph\">{\"@context\":\"https:\/\/schema.org\",\"@graph\":[{\"@type\":\"WebPage\",\"@id\":\"https:\/\/medialogue.com.br\/novosite\/publicacoes\/\",\"url\":\"https:\/\/medialogue.com.br\/novosite\/publicacoes\/\",\"name\":\"Publica\u00e7\u00f5es | Medialogue\",\"isPartOf\":{\"@id\":\"https:\/\/medialogue.com.br\/novosite\/#website\"},\"primaryImageOfPage\":{\"@id\":\"https:\/\/medialogue.com.br\/novosite\/publicacoes\/#primaryimage\"},\"image\":{\"@id\":\"https:\/\/medialogue.com.br\/novosite\/publicacoes\/#primaryimage\"},\"thumbnailUrl\":\"https:\/\/medialogue.com.br\/novosite\/wp-content\/uploads\/2015\/06\/Politico-20-2014-Medialogue-e1436907709786.png\",\"datePublished\":\"2015-06-15T22:40:42+00:00\",\"dateModified\":\"2015-07-14T19:57:38+00:00\",\"description\":\"Conhe\u00e7a as publica\u00e7\u00f5es e pesquisas da Medialogue e tenha acesso ao conte\u00fado gratuitamente.\",\"breadcrumb\":{\"@id\":\"https:\/\/medialogue.com.br\/novosite\/publicacoes\/#breadcrumb\"},\"inLanguage\":\"pt-BR\",\"potentialAction\":[{\"@type\":\"ReadAction\",\"target\":[\"https:\/\/medialogue.com.br\/novosite\/publicacoes\/\"]}]},{\"@type\":\"ImageObject\",\"inLanguage\":\"pt-BR\",\"@id\":\"https:\/\/medialogue.com.br\/novosite\/publicacoes\/#primaryimage\",\"url\":\"https:\/\/medialogue.com.br\/novosite\/wp-content\/uploads\/2015\/06\/Politico-20-2014-Medialogue-e1436907709786.png\",\"contentUrl\":\"https:\/\/medialogue.com.br\/novosite\/wp-content\/uploads\/2015\/06\/Politico-20-2014-Medialogue-e1436907709786.png\",\"width\":400,\"height\":567},{\"@type\":\"BreadcrumbList\",\"@id\":\"https:\/\/medialogue.com.br\/novosite\/publicacoes\/#breadcrumb\",\"itemListElement\":[{\"@type\":\"ListItem\",\"position\":1,\"name\":\"In\u00edcio\",\"item\":\"https:\/\/medialogue.com.br\/novosite\/\"},{\"@type\":\"ListItem\",\"position\":2,\"name\":\"Publica\u00e7\u00f5es\"}]},{\"@type\":\"WebSite\",\"@id\":\"https:\/\/medialogue.com.br\/novosite\/#website\",\"url\":\"https:\/\/medialogue.com.br\/novosite\/\",\"name\":\"Medialogue\",\"description\":\"Comunica\u00e7\u00e3o digital\",\"publisher\":{\"@id\":\"https:\/\/medialogue.com.br\/novosite\/#organization\"},\"potentialAction\":[{\"@type\":\"SearchAction\",\"target\":{\"@type\":\"EntryPoint\",\"urlTemplate\":\"https:\/\/medialogue.com.br\/novosite\/?s={search_term_string}\"},\"query-input\":{\"@type\":\"PropertyValueSpecification\",\"valueRequired\":true,\"valueName\":\"search_term_string\"}}],\"inLanguage\":\"pt-BR\"},{\"@type\":\"Organization\",\"@id\":\"https:\/\/medialogue.com.br\/novosite\/#organization\",\"name\":\"Medialogue\",\"url\":\"https:\/\/medialogue.com.br\/novosite\/\",\"logo\":{\"@type\":\"ImageObject\",\"inLanguage\":\"pt-BR\",\"@id\":\"https:\/\/medialogue.com.br\/novosite\/#\/schema\/logo\/image\/\",\"url\":\"https:\/\/www.medialogue.com.br\/novosite\/wp-content\/uploads\/2015\/06\/medialogue_logo_fundopretoRGB_medio.jpg\",\"contentUrl\":\"https:\/\/www.medialogue.com.br\/novosite\/wp-content\/uploads\/2015\/06\/medialogue_logo_fundopretoRGB_medio.jpg\",\"width\":450,\"height\":88,\"caption\":\"Medialogue\"},\"image\":{\"@id\":\"https:\/\/medialogue.com.br\/novosite\/#\/schema\/logo\/image\/\"},\"sameAs\":[\"http:\/\/www.facebook.com\/Medialogue\",\"https:\/\/x.com\/Medialoguebr\",\"http:\/\/www.linkedin.com\/company\/medialogue\",\"https:\/\/www.youtube.com\/user\/Medialoguebr\"]}]}<\/script>\n<!-- \/ Yoast SEO plugin. -->","yoast_head_json":{"title":"Publica\u00e7\u00f5es | Medialogue","description":"Conhe\u00e7a as publica\u00e7\u00f5es e pesquisas da Medialogue e tenha acesso ao conte\u00fado gratuitamente.","robots":{"index":"index","follow":"follow","max-snippet":"max-snippet:-1","max-image-preview":"max-image-preview:large","max-video-preview":"max-video-preview:-1"},"canonical":"https:\/\/medialogue.com.br\/novosite\/publicacoes\/","og_locale":"pt_BR","og_type":"article","og_title":"Baixe gratuitamente as publica\u00e7\u00f5es da Medialogue","og_description":"A Medialogue realiza pesquisas e publica guias e e-books que contribuem para ampliar o conhecimento sobre estrat\u00e9gias de comunica\u00e7\u00e3o digital em v\u00e1rias \u00e1reas. A s\u00e9rie de pesquisas POL\u00cdTICO 2.0 tornou-se refer\u00eancia nessa \u00e1rea e teve uma grande repercuss\u00e3o na m\u00eddia.","og_url":"https:\/\/medialogue.com.br\/novosite\/publicacoes\/","og_site_name":"Medialogue","article_publisher":"http:\/\/www.facebook.com\/Medialogue","article_modified_time":"2015-07-14T19:57:38+00:00","og_image":[{"url":"https:\/\/www.medialogue.com.br\/novosite\/wp-content\/uploads\/2015\/06\/Politico-20-Ilustrado-2012-Medialogue.png","type":"","width":"","height":""}],"twitter_card":"summary_large_image","twitter_site":"@Medialoguebr","schema":{"@context":"https:\/\/schema.org","@graph":[{"@type":"WebPage","@id":"https:\/\/medialogue.com.br\/novosite\/publicacoes\/","url":"https:\/\/medialogue.com.br\/novosite\/publicacoes\/","name":"Publica\u00e7\u00f5es | Medialogue","isPartOf":{"@id":"https:\/\/medialogue.com.br\/novosite\/#website"},"primaryImageOfPage":{"@id":"https:\/\/medialogue.com.br\/novosite\/publicacoes\/#primaryimage"},"image":{"@id":"https:\/\/medialogue.com.br\/novosite\/publicacoes\/#primaryimage"},"thumbnailUrl":"https:\/\/medialogue.com.br\/novosite\/wp-content\/uploads\/2015\/06\/Politico-20-2014-Medialogue-e1436907709786.png","datePublished":"2015-06-15T22:40:42+00:00","dateModified":"2015-07-14T19:57:38+00:00","description":"Conhe\u00e7a as publica\u00e7\u00f5es e pesquisas da Medialogue e tenha acesso ao conte\u00fado gratuitamente.","breadcrumb":{"@id":"https:\/\/medialogue.com.br\/novosite\/publicacoes\/#breadcrumb"},"inLanguage":"pt-BR","potentialAction":[{"@type":"ReadAction","target":["https:\/\/medialogue.com.br\/novosite\/publicacoes\/"]}]},{"@type":"ImageObject","inLanguage":"pt-BR","@id":"https:\/\/medialogue.com.br\/novosite\/publicacoes\/#primaryimage","url":"https:\/\/medialogue.com.br\/novosite\/wp-content\/uploads\/2015\/06\/Politico-20-2014-Medialogue-e1436907709786.png","contentUrl":"https:\/\/medialogue.com.br\/novosite\/wp-content\/uploads\/2015\/06\/Politico-20-2014-Medialogue-e1436907709786.png","width":400,"height":567},{"@type":"BreadcrumbList","@id":"https:\/\/medialogue.com.br\/novosite\/publicacoes\/#breadcrumb","itemListElement":[{"@type":"ListItem","position":1,"name":"In\u00edcio","item":"https:\/\/medialogue.com.br\/novosite\/"},{"@type":"ListItem","position":2,"name":"Publica\u00e7\u00f5es"}]},{"@type":"WebSite","@id":"https:\/\/medialogue.com.br\/novosite\/#website","url":"https:\/\/medialogue.com.br\/novosite\/","name":"Medialogue","description":"Comunica\u00e7\u00e3o digital","publisher":{"@id":"https:\/\/medialogue.com.br\/novosite\/#organization"},"potentialAction":[{"@type":"SearchAction","target":{"@type":"EntryPoint","urlTemplate":"https:\/\/medialogue.com.br\/novosite\/?s={search_term_string}"},"query-input":{"@type":"PropertyValueSpecification","valueRequired":true,"valueName":"search_term_string"}}],"inLanguage":"pt-BR"},{"@type":"Organization","@id":"https:\/\/medialogue.com.br\/novosite\/#organization","name":"Medialogue","url":"https:\/\/medialogue.com.br\/novosite\/","logo":{"@type":"ImageObject","inLanguage":"pt-BR","@id":"https:\/\/medialogue.com.br\/novosite\/#\/schema\/logo\/image\/","url":"https:\/\/www.medialogue.com.br\/novosite\/wp-content\/uploads\/2015\/06\/medialogue_logo_fundopretoRGB_medio.jpg","contentUrl":"https:\/\/www.medialogue.com.br\/novosite\/wp-content\/uploads\/2015\/06\/medialogue_logo_fundopretoRGB_medio.jpg","width":450,"height":88,"caption":"Medialogue"},"image":{"@id":"https:\/\/medialogue.com.br\/novosite\/#\/schema\/logo\/image\/"},"sameAs":["http:\/\/www.facebook.com\/Medialogue","https:\/\/x.com\/Medialoguebr","http:\/\/www.linkedin.com\/company\/medialogue","https:\/\/www.youtube.com\/user\/Medialoguebr"]}]}},"wps_subtitle":"","_links":{"self":[{"href":"https:\/\/medialogue.com.br\/novosite\/wp-json\/wp\/v2\/pages\/1142","targetHints":{"allow":["GET"]}}],"collection":[{"href":"https:\/\/medialogue.com.br\/novosite\/wp-json\/wp\/v2\/pages"}],"about":[{"href":"https:\/\/medialogue.com.br\/novosite\/wp-json\/wp\/v2\/types\/page"}],"author":[{"embeddable":true,"href":"https:\/\/medialogue.com.br\/novosite\/wp-json\/wp\/v2\/users\/1"}],"replies":[{"embeddable":true,"href":"https:\/\/medialogue.com.br\/novosite\/wp-json\/wp\/v2\/comments?post=1142"}],"version-history":[{"count":0,"href":"https:\/\/medialogue.com.br\/novosite\/wp-json\/wp\/v2\/pages\/1142\/revisions"}],"wp:featuredmedia":[{"embeddable":true,"href":"https:\/\/medialogue.com.br\/novosite\/wp-json\/wp\/v2\/media\/1169"}],"wp:attachment":[{"href":"https:\/\/medialogue.com.br\/novosite\/wp-json\/wp\/v2\/media?parent=1142"}],"curies":[{"name":"wp","href":"https:\/\/api.w.org\/{rel}","templated":true}]}}